{"id":23,"date":"2017-02-08T15:43:15","date_gmt":"2017-02-08T15:43:15","guid":{"rendered":"http:\/\/sulear.com.br\/beta3\/?page_id=23"},"modified":"2024-01-25T16:44:33","modified_gmt":"2024-01-25T16:44:33","slug":"links","status":"publish","type":"page","link":"https:\/\/sulear.com.br\/beta3\/links\/","title":{"rendered":"Links"},"content":{"rendered":"<p><strong>Refer\u00eancias, explora\u00e7\u00f5es SULeadas e outros interesses. Conhe\u00e7a!<\/strong><\/p>\n<p>&nbsp;<\/p>\n<p style=\"padding-left: 30px;\"><strong>:: SULear: COLONIALIDADE.<br \/>\n<\/strong><strong>COLONIALIDADE DO SABER E DO<\/strong><strong>\u00a0PODER<\/strong><br \/>\n<strong>EPISTEMOLOGIAS DO SUL (Menezes 2008)<\/strong><\/p>\n<p><strong>&#8211; Grupo modernidad\/colonialidad<\/strong><br \/>\n<a href=\"https:\/\/es.wikipedia.org\/wiki\/An%C3%ADbal_Quijano\">An\u00edbal Quijano<\/a>, Edgardo Lander, Ram\u00f3n Grosfoguel y Agust\u00edn Lao-Montes, los semi\u00f3logos\u00a0<a href=\"https:\/\/es.wikipedia.org\/wiki\/Walter_Mignolo\">Walter Mignolo<\/a>\u00a0y Zulma Palermo, la pedagoga Catherine Walsh, los antrop\u00f3logos\u00a0<a href=\"https:\/\/es.wikipedia.org\/wiki\/Arturo_Escobar\">Arturo Escobar<\/a>\u00a0y\u00a0<a href=\"https:\/\/es.wikipedia.org\/w\/index.php?title=Fernando_Coronil&amp;action=edit&amp;redlink=1\">Fernando Coronil<\/a>, el cr\u00edtico literario Javier Sanjin\u00e9s y los fil\u00f3sofos\u00a0<a href=\"https:\/\/es.wikipedia.org\/wiki\/Enrique_Dussel\">Enrique Dussel<\/a>,\u00a0<a href=\"https:\/\/es.wikipedia.org\/wiki\/Santiago_Castro-G%C3%B3mez\">Santiago Castro-G\u00f3mez<\/a>, Mar\u00eda Lugones y Nelson Maldonado-Torres.<br \/>\n<a href=\"https:\/\/es.wikipedia.org\/wiki\/Grupo_modernidad\/colonialidad\">https:\/\/es.wikipedia.org\/wiki\/Grupo_modernidad\/colonialidad<\/a><\/p>\n<p>&#8211; <strong>La colonialidad del saber: eurocentrismo y ciencias sociales. Perspectivas latinoamericanas<\/strong>.<br \/>\nEdgardo Lander (compilador).<br \/>\nTextos completos de Santiago Castro-G\u00f3mez, Fernando Coronil, Enrique Dussel, Arturo Escobar, Edgardo Lander, Francisco L\u00f3pez Segrera, Walter D. Mignolo, Alejandro Moreno, An\u00edbal Quijano. . Colecci\u00f3n CLACSO<br \/>\n<a href=\"http:\/\/bibliotecavirtual.clacso.org.ar\/ar\/libros\/lander\/lander.html\">http:\/\/bibliotecavirtual.clacso.org.ar\/<\/a><\/p>\n<p>&#8211; <strong>ALICE \u2013 ESPELHOS ESTRANHOS, LI\u00c7\u00d5ES IMPREVISTAS<\/strong> (ALICE &#8211; STRANGE MIRRORS, UNSUSPECTED LESSOSNS)<br \/>\n\u201cO projeto ALICE visa repensar e renovar o conhecimento cient\u00edfico-social \u00e0 luz das Epistemologias do Sul, propostas por Boaventura de Sousa Santos, com o objetivo de desenvolver novos paradigmas te\u00f3ricos e pol\u00edticos de transforma\u00e7\u00e3o social.\u201d<br \/>\n<a href=\"http:\/\/alice.ces.uc.pt\/en\/index.php\/homepage-2\/?lang=pt\">http:\/\/alice.ces.uc.pt\/<\/a><br \/>\n<a href=\"http:\/\/alice.ces.uc.pt\/en\/index.php\/homepage-2\/\">http:\/\/alice.ces.uc.pt\/<\/a><\/p>\n<p>&#8211; <strong>Dise\u00f1o del SUR<\/strong> (Colombia)<br \/>\n&#8216; La part\u00edcula &#8216;del&#8217;, alude por una parte a todo lo dise\u00f1ado que procede de los diferente sures que hay en el planeta (Sur geogr\u00e1fico, Sur pol\u00edtico, Sur cultural, Sur ex\u00f3tico, Sur global, Sur como estado mental y Sur como direcci\u00f3n de la mirada), Esto, es, &#8220;lo que viene del Sur&#8221;.&#8217; Hay aqu\u00ed en este perfil una importante cantidad de libros completos para descargar.<br \/>\n<a href=\"https:\/\/www.facebook.com\/disenodelsur\/\">https:\/\/www.facebook.com\/disenodelsur\/<\/a><br \/>\n<strong>&#8211; Dise\u00f1os de los Sures &#8211; dise\u00f1os otros &#8211; dise\u00f1os con otros nombres<\/strong><br \/>\n(Presenta sobretodo, art\u00edculos period\u00edsticos para descargar)<br \/>\n<a href=\"https:\/\/www.facebook.com\/groups\/disenosdelossures\/\">https:\/\/www.facebook.com\/groups\/disenosdelossures\/<\/a><\/p>\n<p>&#8211;\u00a0 <strong>LIBRO:\u00a0<\/strong><strong>Practicas Otras de Conocimiento(s): Entre crisis, entre guerras\u00a0<\/strong><br \/>\nLEYVA, X\u00f3chitl et al. (orgs). <strong>Practicas Otras de Conocimiento(s): Entre crisis, entre guerras (Tomos I, II y II)<\/strong>, , Cooperativa Editorial Retos, San Crist\u00f3bal de Las Casas, Chiapas, M\u00e9xico. 2015.<br \/>\n<strong>V\u00eddeos sobre la obra colegiada<\/strong><br \/>\n<a href=\"http:\/\/www.clacso.tv\/gt_clacso.php?id_video=858\">http:\/\/www.clacso.tv\/gt_clacso.php?id_video=858<\/a><br \/>\n<a href=\"https:\/\/www.youtube.com\/watch?v=OXHZahM6S4Q&amp;feature=youtu.be\">https:\/\/www.youtube.com\/watch?v=OXHZahM6S4Q&amp;feature=youtu.be<\/a><br \/>\n<a href=\"https:\/\/www.youtube.com\/watch?v=YjJglvyIqVk\">https:\/\/www.youtube.com\/watch?v=YjJglvyIqVk<\/a><br \/>\n<strong>Download gratuito de la obra:<\/strong><br \/>\n<strong>Tomo I &#8211; (p. 486)<\/strong><br \/>\n<a href=\"https:\/\/www.clacso.org.ar\/libreria-latinoamericana\/libro_detalle.php?orden=nro_orden&amp;id_libro=1368&amp;pageNum_rs_libros=0&amp;totalRows_rs_libros=1304&amp;orden=nro_orden\">https:\/\/www.clacso.org.ar\/<\/a><br \/>\n<strong>Tomo II &#8211; (p. 487)<\/strong><br \/>\n<a href=\"https:\/\/www.clacso.org.ar\/libreria-latinoamericana\/libro_detalle.php?id_libro=1369&amp;pageNum_rs_libros=0&amp;totalRows_rs_libros=1304&amp;orden=nro_orden\">https:\/\/www.clacso.org.ar\/<\/a><br \/>\n<strong>Tomo III &#8211; (p. 171)<\/strong><br \/>\n<a href=\"https:\/\/www.clacso.org.ar\/libreria-latinoamericana\/libro_detalle.php?orden=nro_orden&amp;id_libro=1370&amp;pageNum_rs_libros=0&amp;totalRows_rs_libros=1304&amp;orden=nro_orden\">https:\/\/www.clacso.org.ar\/<\/a><br \/>\n<b># Textos del Tomo II disponibles\u00a0en el site www.sulear.com.br:<\/b><br \/>\n:: Baez Landa, Mariano Por una antropolog\u00eda tropical. Ciencia, subjetividad, \u00e9tica y responsabilidad social. Cap\u00edtulo 34. <em>In<\/em> Xochitl Leyva et al. (org.) <strong>Pr\u00e1cticas otras de conocimiento(s). Entre crisis, entre guerras (Tomo II)<\/strong>, Cooperativa Editorial Retos, San Crist\u00f3bal de Las Casas, Chiapas, M\u00e9xico. 2015. P. 459- 481.<br \/>\n<a href=\"http:\/\/sulear.com.br\/beta3\/wp-content\/uploads\/2017\/03\/Baez-Cap-34-Por-un-Antropologia-Tropical.pdf\">Baez-Cap-34-Por-un-Antropologia-Tropical.pdf<\/a><br \/>\n:: Campos M. D. SURear, NORTEar Y ORIENTar: Puntos de vista desde los hemisferios, la hegemon\u00eda y los Ind\u00edgenas, cap\u00edtulo 33. <em>In<\/em> <strong>Practicas Otras de Conocimiento(s): Entre crisis, entre guerras (Tomo II)<\/strong>, X\u00f3chitl Leyva et al. (orgs), Cooperativa Editorial Retos, San Crist\u00f3bal de Las Casas, Chiapas, M\u00e9xico. 2015. Pp. 433 \u2013 458.<br \/>\n<a href=\"http:\/\/www.sulear.com.br\/textos\/CAMPOS-MD-SURear-NORTEar-y-Or-MX-Cap-33-2015.pdf\">CAMPOS-MD-SURear-NORTEar-y-Or-MX-Cap-33-2015.pdf<\/a><\/p>\n<p><strong>\u00a0 \u00a0 \u00a0 \u00a0:: CULTURAS, SABERES E MUTIM\u00cdDIA T\u00c9CNICAS LOCAIS<\/strong><\/p>\n<p>&#8211;\u00a0<strong>Cavaleiros da Cultura,<\/strong>\u00a0<strong>Associa\u00e7\u00e3o<\/strong>. (Rio Novo, MG)<br \/>\nDesde 2008, incentiva \u00e0 leitura por crian\u00e7as e adolescentes. As cavalgadas culturais doam livros fora do eixo das grandes cidades. O grupo se dedica, ainda, \u00e0 capacita\u00e7\u00e3o de professores da rede p\u00fablica de ensino, em parcerias com pedagogos e professores. <a href=\"http:\/\/cavaleirosdacultura.org.br\/\">http:\/\/cavaleirosdacultura.org.br\/<\/a><\/p>\n<p>&nbsp;<\/p>\n<p><strong>&#8211; Taller Miradas Antropol\u00f3gicas\u00a0<\/strong>(CIESAS &#8211; GOLFO &#8211; Xalapa, M\u00e9xico)<br \/>\nCoordinaci\u00f3n: Dr. Mariano B\u00e1ez Landa &#8211; baezmariano@gmail.com<strong><br \/>\n<\/strong>El Taller Miradas Antropol\u00f3gicas (TMA) es una propuesta docente y de investigaci\u00f3n aplicada, que busca poner en marcha ejercicios did\u00e1cticos de registro y documentaci\u00f3n etnogr\u00e1fica utilizando recursos audiovisuales y los multimedios. Es un espacio de encuentro de distintas experiencias, trayectorias y pr\u00e1cticas de la Antropolog\u00eda, con el objetivo de realizar observaciones multifocales y sim\u00e9tricas de diversos temas, problemas, actores y retos que requieren respuestas desde una perspectiva sociocultural. Asimismo, el Taller busca coadyuvar al rescate, conservaci\u00f3n y difusi\u00f3n de materiales etnogr\u00e1ficos in\u00e9ditos, as\u00ed como al registro de experiencias en nuevos campos de aplicaci\u00f3n de la antropolog\u00eda, dentro y fuera de su campo disciplinar<strong><br \/>\n<\/strong>http:\/\/golfo.ciesas.edu.mx\/taller-miradas-antopologicas\/<br \/>\nhttps:\/\/vimeo.com\/user39150229<br \/>\nhttps:\/\/www.facebook.com\/tma.ciesas<\/p>\n<p>&nbsp;<\/p>\n<p style=\"padding-left: 30px;\"><strong>::\u00a0ASTRONOMIA NAS CULTURAS<\/strong><\/p>\n<p><strong>&#8211; Sociedad Interamericana de Astronom\u00eda en la Cultura (SIAC)<\/strong><br \/>\n<strong>Asociaci\u00f3n profesional que incluye disciplinas como: Arqueoastronom\u00eda, Etnoastronom\u00eda e Historia de la Astronom\u00eda.<\/strong><br \/>\n<a href=\"http:\/\/siac.fcaglp.unlp.edu.ar\/index.html\">http:\/\/siac.fcaglp.unlp.edu.ar\/index.html<\/a><\/p>\n<p>&#8211; <strong>The International Society for Archaeoastronomy and Astronomy in Culture<\/strong><br \/>\n<a href=\"https:\/\/www3.archaeoastronomy.org\/\">https:\/\/www3.archaeoastronomy.org\/<\/a><\/p>\n<p>&#8211; <strong>Soci\u00e9t\u00e9 Europ\u00e9enne pour l&#8217;Astronomie dans la Culture<\/strong><br \/>\n<a href=\"http:\/\/www.archeoastronomy.org\/\">http:\/\/www.archeoastronomy.org\/<\/a><\/p>\n<p>&#8211; <strong>Anthony F. Aveni<\/strong><br \/>\nColgate University Professor of Astronomy , Anthropology and Native American Studies.<br \/>\nDepartments of \u201cPhysics and Astronomy\u201d and \u201cSociology and Anthropology\u201d at Colgate University (USA).<br \/>\n<a href=\"http:\/\/anthonyfaveni.com\/\">http:\/\/anthonyfaveni.com\/<\/a><\/p>\n<p>&#8211; <strong>Clive Ruggles<\/strong><br \/>\nProfessor\u00a0in the\u00a0School of Archaeology and Ancient History\u00a0at the\u00a0University of Leicester, UK.<br \/>\n<a href=\"http:\/\/www.cliveruggles.net\/\">http:\/\/www.cliveruggles.net\/<\/a><br \/>\nRuggles is a leading figure in the joint initiative by the\u00a0<a href=\"http:\/\/whc.unesco.org\/\">UNESCO World Heritage Centre<\/a>\u00a0and the\u00a0<a href=\"http:\/\/www.iau.org\/\">International Astronomical Union<\/a>\u00a0working to recognise, protect, and promote the world&#8217;s most important\u00a0<a href=\"http:\/\/www.astronomicalheritage.net\/\">astronomical heritage<\/a>\u00a0sites.<\/p>\n<p>What is astronomical heritage?<br \/>\n<a href=\"http:\/\/www2.astronomicalheritage.net\/index.php\/what-is-astronomical-heritage\">http:\/\/www2.astronomicalheritage.net\/index.php\/what-is-astronomical-heritage<\/a><\/p>\n<p><a href=\"#top\">Voltar para o topo<\/a><\/p>\n","protected":false},"excerpt":{"rendered":"<p>Refer\u00eancias, explora\u00e7\u00f5es SULeadas e outros interesses. Conhe\u00e7a! &nbsp; :: SULear: COLONIALIDADE. COLONIALIDADE DO SABER E DO\u00a0PODER EPISTEMOLOGIAS DO SUL (Menezes 2008) &#8211; Grupo modernidad\/colonialidad An\u00edbal Quijano, Edgardo Lander, Ram\u00f3n Grosfoguel y Agust\u00edn Lao-Montes, los semi\u00f3logos\u00a0Walter Mignolo\u00a0y Zulma Palermo, la pedagoga &hellip; <a href=\"https:\/\/sulear.com.br\/beta3\/links\/\">Continue lendo <span class=\"meta-nav\">&rarr;<\/span><\/a><\/p>\n","protected":false},"author":1,"featured_media":0,"parent":0,"menu_order":0,"comment_status":"closed","ping_status":"closed","template":"","meta":{"footnotes":""},"class_list":["post-23","page","type-page","status-publish","hentry"],"yoast_head":"<!-- This site is optimized with the Yoast SEO plugin v24.8.1 - https:\/\/yoast.com\/wordpress\/plugins\/seo\/ -->\n<title>Links - Sulear<\/title>\n<meta name=\"robots\" content=\"index, follow, max-snippet:-1, max-image-preview:large, max-video-preview:-1\" \/>\n<link rel=\"canonical\" href=\"https:\/\/sulear.com.br\/beta3\/links\/\" \/>\n<meta property=\"og:locale\" content=\"pt_BR\" \/>\n<meta property=\"og:type\" content=\"article\" \/>\n<meta property=\"og:title\" content=\"Links - Sulear\" \/>\n<meta property=\"og:description\" content=\"Refer\u00eancias, explora\u00e7\u00f5es SULeadas e outros interesses. Conhe\u00e7a! &nbsp; :: SULear: COLONIALIDADE. COLONIALIDADE DO SABER E DO\u00a0PODER EPISTEMOLOGIAS DO SUL (Menezes 2008) &#8211; Grupo modernidad\/colonialidad An\u00edbal Quijano, Edgardo Lander, Ram\u00f3n Grosfoguel y Agust\u00edn Lao-Montes, los semi\u00f3logos\u00a0Walter Mignolo\u00a0y Zulma Palermo, la pedagoga &hellip; Continue lendo &rarr;\" \/>\n<meta property=\"og:url\" content=\"https:\/\/sulear.com.br\/beta3\/links\/\" \/>\n<meta property=\"og:site_name\" content=\"Sulear\" \/>\n<meta property=\"article:modified_time\" content=\"2024-01-25T16:44:33+00:00\" \/>\n<meta name=\"twitter:card\" content=\"summary_large_image\" \/>\n<meta name=\"twitter:label1\" content=\"Est. tempo de leitura\" \/>\n\t<meta name=\"twitter:data1\" content=\"5 minutos\" \/>\n<script type=\"application\/ld+json\" class=\"yoast-schema-graph\">{\"@context\":\"https:\/\/schema.org\",\"@graph\":[{\"@type\":\"WebPage\",\"@id\":\"https:\/\/sulear.com.br\/beta3\/links\/\",\"url\":\"https:\/\/sulear.com.br\/beta3\/links\/\",\"name\":\"Links - Sulear\",\"isPartOf\":{\"@id\":\"https:\/\/sulear.com.br\/beta3\/#website\"},\"datePublished\":\"2017-02-08T15:43:15+00:00\",\"dateModified\":\"2024-01-25T16:44:33+00:00\",\"breadcrumb\":{\"@id\":\"https:\/\/sulear.com.br\/beta3\/links\/#breadcrumb\"},\"inLanguage\":\"pt-BR\",\"potentialAction\":[{\"@type\":\"ReadAction\",\"target\":[\"https:\/\/sulear.com.br\/beta3\/links\/\"]}]},{\"@type\":\"BreadcrumbList\",\"@id\":\"https:\/\/sulear.com.br\/beta3\/links\/#breadcrumb\",\"itemListElement\":[{\"@type\":\"ListItem\",\"position\":1,\"name\":\"In\u00edcio\",\"item\":\"https:\/\/sulear.com.br\/beta3\/\"},{\"@type\":\"ListItem\",\"position\":2,\"name\":\"Links\"}]},{\"@type\":\"WebSite\",\"@id\":\"https:\/\/sulear.com.br\/beta3\/#website\",\"url\":\"https:\/\/sulear.com.br\/beta3\/\",\"name\":\"Sulear\",\"description\":\"Blog\",\"publisher\":{\"@id\":\"https:\/\/sulear.com.br\/beta3\/#organization\"},\"potentialAction\":[{\"@type\":\"SearchAction\",\"target\":{\"@type\":\"EntryPoint\",\"urlTemplate\":\"https:\/\/sulear.com.br\/beta3\/?s={search_term_string}\"},\"query-input\":{\"@type\":\"PropertyValueSpecification\",\"valueRequired\":true,\"valueName\":\"search_term_string\"}}],\"inLanguage\":\"pt-BR\"},{\"@type\":\"Organization\",\"@id\":\"https:\/\/sulear.com.br\/beta3\/#organization\",\"name\":\"Sulear\",\"url\":\"https:\/\/sulear.com.br\/beta3\/\",\"logo\":{\"@type\":\"ImageObject\",\"inLanguage\":\"pt-BR\",\"@id\":\"https:\/\/sulear.com.br\/beta3\/#\/schema\/logo\/image\/\",\"url\":\"https:\/\/sulear.com.br\/beta3\/wp-content\/uploads\/2024\/01\/sulear_logo.png\",\"contentUrl\":\"https:\/\/sulear.com.br\/beta3\/wp-content\/uploads\/2024\/01\/sulear_logo.png\",\"width\":364,\"height\":364,\"caption\":\"Sulear\"},\"image\":{\"@id\":\"https:\/\/sulear.com.br\/beta3\/#\/schema\/logo\/image\/\"}}]}<\/script>\n<!-- \/ Yoast SEO plugin. -->","yoast_head_json":{"title":"Links - Sulear","robots":{"index":"index","follow":"follow","max-snippet":"max-snippet:-1","max-image-preview":"max-image-preview:large","max-video-preview":"max-video-preview:-1"},"canonical":"https:\/\/sulear.com.br\/beta3\/links\/","og_locale":"pt_BR","og_type":"article","og_title":"Links - Sulear","og_description":"Refer\u00eancias, explora\u00e7\u00f5es SULeadas e outros interesses. Conhe\u00e7a! &nbsp; :: SULear: COLONIALIDADE. COLONIALIDADE DO SABER E DO\u00a0PODER EPISTEMOLOGIAS DO SUL (Menezes 2008) &#8211; Grupo modernidad\/colonialidad An\u00edbal Quijano, Edgardo Lander, Ram\u00f3n Grosfoguel y Agust\u00edn Lao-Montes, los semi\u00f3logos\u00a0Walter Mignolo\u00a0y Zulma Palermo, la pedagoga &hellip; Continue lendo &rarr;","og_url":"https:\/\/sulear.com.br\/beta3\/links\/","og_site_name":"Sulear","article_modified_time":"2024-01-25T16:44:33+00:00","twitter_card":"summary_large_image","twitter_misc":{"Est. tempo de leitura":"5 minutos"},"schema":{"@context":"https:\/\/schema.org","@graph":[{"@type":"WebPage","@id":"https:\/\/sulear.com.br\/beta3\/links\/","url":"https:\/\/sulear.com.br\/beta3\/links\/","name":"Links - Sulear","isPartOf":{"@id":"https:\/\/sulear.com.br\/beta3\/#website"},"datePublished":"2017-02-08T15:43:15+00:00","dateModified":"2024-01-25T16:44:33+00:00","breadcrumb":{"@id":"https:\/\/sulear.com.br\/beta3\/links\/#breadcrumb"},"inLanguage":"pt-BR","potentialAction":[{"@type":"ReadAction","target":["https:\/\/sulear.com.br\/beta3\/links\/"]}]},{"@type":"BreadcrumbList","@id":"https:\/\/sulear.com.br\/beta3\/links\/#breadcrumb","itemListElement":[{"@type":"ListItem","position":1,"name":"In\u00edcio","item":"https:\/\/sulear.com.br\/beta3\/"},{"@type":"ListItem","position":2,"name":"Links"}]},{"@type":"WebSite","@id":"https:\/\/sulear.com.br\/beta3\/#website","url":"https:\/\/sulear.com.br\/beta3\/","name":"Sulear","description":"Blog","publisher":{"@id":"https:\/\/sulear.com.br\/beta3\/#organization"},"potentialAction":[{"@type":"SearchAction","target":{"@type":"EntryPoint","urlTemplate":"https:\/\/sulear.com.br\/beta3\/?s={search_term_string}"},"query-input":{"@type":"PropertyValueSpecification","valueRequired":true,"valueName":"search_term_string"}}],"inLanguage":"pt-BR"},{"@type":"Organization","@id":"https:\/\/sulear.com.br\/beta3\/#organization","name":"Sulear","url":"https:\/\/sulear.com.br\/beta3\/","logo":{"@type":"ImageObject","inLanguage":"pt-BR","@id":"https:\/\/sulear.com.br\/beta3\/#\/schema\/logo\/image\/","url":"https:\/\/sulear.com.br\/beta3\/wp-content\/uploads\/2024\/01\/sulear_logo.png","contentUrl":"https:\/\/sulear.com.br\/beta3\/wp-content\/uploads\/2024\/01\/sulear_logo.png","width":364,"height":364,"caption":"Sulear"},"image":{"@id":"https:\/\/sulear.com.br\/beta3\/#\/schema\/logo\/image\/"}}]}},"_links":{"self":[{"href":"https:\/\/sulear.com.br\/beta3\/wp-json\/wp\/v2\/pages\/23","targetHints":{"allow":["GET"]}}],"collection":[{"href":"https:\/\/sulear.com.br\/beta3\/wp-json\/wp\/v2\/pages"}],"about":[{"href":"https:\/\/sulear.com.br\/beta3\/wp-json\/wp\/v2\/types\/page"}],"author":[{"embeddable":true,"href":"https:\/\/sulear.com.br\/beta3\/wp-json\/wp\/v2\/users\/1"}],"replies":[{"embeddable":true,"href":"https:\/\/sulear.com.br\/beta3\/wp-json\/wp\/v2\/comments?post=23"}],"version-history":[{"count":20,"href":"https:\/\/sulear.com.br\/beta3\/wp-json\/wp\/v2\/pages\/23\/revisions"}],"predecessor-version":[{"id":689,"href":"https:\/\/sulear.com.br\/beta3\/wp-json\/wp\/v2\/pages\/23\/revisions\/689"}],"wp:attachment":[{"href":"https:\/\/sulear.com.br\/beta3\/wp-json\/wp\/v2\/media?parent=23"}],"curies":[{"name":"wp","href":"https:\/\/api.w.org\/{rel}","templated":true}]}}