{"id":25,"date":"2017-02-08T15:48:36","date_gmt":"2017-02-08T15:48:36","guid":{"rendered":"http:\/\/sulear.com.br\/beta3\/?page_id=25"},"modified":"2024-01-25T16:45:43","modified_gmt":"2024-01-25T16:45:43","slug":"marcio-dolne-campos","status":"publish","type":"page","link":"https:\/\/sulear.com.br\/beta3\/marcio-dolne-campos\/","title":{"rendered":"Proposta SULear \u2013 Equipe"},"content":{"rendered":"<p><strong>Marcio D\u2019Olne Campos<\/strong> &#8211; Rio de Janeiro, BR (coordenador)\u00a0 \u00a0 \u00a0 \u00a0 \u00a0 \u00a0 \u00a0 \u00a0 \u00a0 \u00a0 \u00a0 \u00a0 \u00a0 \u00a0 \u00a0 \u00a0 \u00a0 \u00a0 \u00a0 \u00a0 <strong>Iv\u00e1n Deance Bravo y Troncoso<\/strong> \u2013 Puebla, MX<br \/>\n<strong>Luiz Carlos Borges<\/strong> &#8211; Rio de Janeiro, BR<br \/>\n<strong>Maria Madalena Mattos Pontes<\/strong> \u2013 Rio de Janeiro, BR<br \/>\n<strong>Mariano Baez Landa<\/strong> \u2013 Xalapa, MX<br \/>\n<strong>Ver\u00f3nica V\u00e1zquez Valdez<\/strong> \u2013 Puebla, MX\u00a0 \u00a0 \u00a0 \u00a0 \u00a0 \u00a0 \u00a0 \u00a0 \u00a0 \u00a0 \u00a0 \u00a0 \u00a0 \u00a0 \u00a0 \u00a0 \u00a0 \u00a0 \u00a0 \u00a0 \u00a0 \u00a0 \u00a0 \u00a0 \u00a0 \u00a0 \u00a0 \u00a0 \u00a0 \u00a0 \u00a0 \u00a0 \u00a0 <strong>Walmir Thomazi Cardoso<\/strong> &#8211; Rio de Janeiro, BR<\/p>\n<p>&nbsp;<\/p>\n<p style=\"text-align: right;\"><a href=\"http:\/\/sulear.com.br\/beta3\/marcio-dolne-campos-english\/\"><img loading=\"lazy\" decoding=\"async\" class=\"alignnone wp-image-310 size-full\" src=\"http:\/\/sulear.com.br\/beta3\/wp-content\/uploads\/2017\/03\/botao-english.jpg\" width=\"108\" height=\"37\" \/><\/a><\/p>\n<p style=\"text-align: right;\"><a href=\"http:\/\/lattes.cnpq.br\/3238046640943002\">Acessar Lattes\u00a0<img loading=\"lazy\" decoding=\"async\" class=\"size-full wp-image-168 alignnone\" src=\"http:\/\/sulear.com.br\/beta3\/wp-content\/uploads\/2017\/02\/lattes-1-e1486924711709.png\" alt=\"\" width=\"40\" height=\"41\" \/><\/a><\/p>\n<p style=\"text-align: justify;\"><img loading=\"lazy\" decoding=\"async\" class=\"alignleft wp-image-226\" src=\"http:\/\/sulear.com.br\/beta3\/wp-content\/uploads\/2017\/02\/16833073_10154809839141638_1858033467_o-218x300.jpg\" width=\"200\" height=\"275\" \/><strong>Marcio D\u2019Olne Campos<\/strong> \u00e9 Professor aposentado da UNICAMP. F\u00edsico (PUC-RJ) e Dr. em F\u00edsica de S\u00f3lidos (1972, Universit\u00e9 de Montpellier, FR). Na UNICAMP foi Prof. no Instituto de F\u00edsica (1972-92). No IFCH-UNICAMP (1993-98) pertenceu ao Departamento de Antropologia e \u00e0 \u00e1rea do Doutorado em Ci\u00eancias Sociais: \u201cItiner\u00e1rios Intelectuais e Etnografia do Saber\u201d. Aposentou-se da UNICAMP em 1998. De 1999 a 2016 foi, respectivamente, Professor Visitante de Antropologia na UFRJ-EICOS, na UENF e na UFES onde tamb\u00e9m atuou em EAD (ne@ad) e no Programa de P\u00f3s-gradua\u00e7\u00e3o em Museologia e Patrim\u00f4nio (PPG-PMUS\/UNIRIO),<br \/>\nDesde os anos 80 trabalha em educa\u00e7\u00e3o (formal e n\u00e3o-formal), educa\u00e7\u00e3o ambiental e pesquisa antropol\u00f3gica\/etnogr\u00e1fica sobre rela\u00e7\u00f5es sociedades-humanos-natureza e saberes locais, t\u00e9cnicas e pr\u00e1ticas. Ritmos e marcadores naturais e sociais de tempos, percep\u00e7\u00e3o ambiental, rela\u00e7\u00f5es c\u00e9u\u2013terra (Etnoastronomia e Astronomia na Cultura), antropologia da comida e patrim\u00f4nio cultural, s\u00e3o temas recorrentes em sua pesquisa. Esta inclui trabalhos de campo entre sociedades ind\u00edgenas (Kayap\u00f3) e costeiras (cai\u00e7aras) assim como entre descendentes de imigrantes italianos (ES e MG).<br \/>\nAl\u00e9m da Proposta SULear (1991- ), projetos como Aldebar\u00e3: Observat\u00f3rio a Olho Nu \u2013 UNICAMP (1986) e \u201cPra\u00e7as \u2013 Observat\u00f3rio\u201d (Araras e Peru\u00edbe, 1991, SP) s\u00e3o de sua concep\u00e7\u00e3o.<\/p>\n<p><a href=\"mdolnecampos@sulear.com.br\">mdolnecampos@sulear.com.br<\/a><\/p>\n<p><img loading=\"lazy\" decoding=\"async\" class=\"alignleft size-full wp-image-707\" src=\"http:\/\/sulear.com.br\/beta3\/wp-content\/uploads\/2018\/08\/Ivan-Deance-mod.png\" alt=\"\" width=\"235\" height=\"300\" \/><\/p>\n<p><strong>Iv\u00e1n Deance Bravo y Troncoso<\/strong>: Acad\u00e9mico de la Benem\u00e9rita Universidad Aut\u00f3noma de Puebla (BUAP), doctor en Historia y Etnohistoria y Licenciado en Etnolog\u00eda por la Escuela Nacional de Antropolog\u00eda e Historia, Maestro en Estudios Regionales por el Instituto de Investigaciones &#8220;Dr. Jos\u00e9 Mar\u00eda Luis Mora&#8221;, Posdoctorados en Historia y Antropolog\u00eda en el Instituto de Ciencias Sociales y Humanidades de la BUAP, Diplomados en Ling\u00fc\u00edstica descriptiva y empat\u00eda cultural y en Peritaje en Ciencias Antropol\u00f3gicas, miembro del Sistema Nacional de Investigadores del Consejo Nacional de Ciencia y Tecnolog\u00eda, del Colegio de Etn\u00f3logos y Antrop\u00f3logos Sociales, de la International Oral History Association y de la Universala Esperanto-Asocio. Miembro del Cuerpo Acad\u00e9mico Consolidado &#8220;Imagen, Memoria e Investigaci\u00f3n Social&#8221; (BUAP-CA-318). Ganador de la Beca Iberoam\u00e9rica para J\u00f3venes Investigadores 2015-2016. Sus intereses acad\u00e9micos se basan en la investigaci\u00f3n sobre la memoria y la oralidad de diversos grupos humanos, con \u00e9nfasis en la vida cotidiana y los fen\u00f3menos interculturales, para la comprensi\u00f3n de procesos socioculturales a partir de la etnograf\u00eda y la historia oral. Ha sido profesor invitado en la Universidad de Sevilla (Espa\u00f1a) y en el Centro de Investigaci\u00f3n y Difusi\u00f3n de la Imagen (CRDI &#8211; Espa\u00f1a).<\/p>\n<p><a href=\"mailto:ivan.deance@correo.buap.mx\">ivan.deance@correo.buap.mx<\/a><br \/>\n<a href=\"http:\/\/www.deance.org.mx\">www.deance.org.mx<\/a><br \/>\n<a href=\"http:\/\/www.imagenymemoria.buap.mx\">www.imagenymemoria.buap.mx<\/a><br \/>\n<a href=\"https:\/\/www.facebook.com\/imagenymemoria\/\">https:\/\/www.facebook.com\/imagenymemoria\/<\/a><br \/>\n@imagenymemoria<\/p>\n<p><strong><img loading=\"lazy\" decoding=\"async\" class=\"alignleft size-full wp-image-710\" src=\"http:\/\/sulear.com.br\/beta3\/wp-content\/uploads\/2018\/08\/Luiz-Carlos-Borges-214x304.jpg\" alt=\"\" width=\"214\" height=\"304\" srcset=\"https:\/\/sulear.com.br\/beta3\/wp-content\/uploads\/2018\/08\/Luiz-Carlos-Borges-214x304.jpg 214w, https:\/\/sulear.com.br\/beta3\/wp-content\/uploads\/2018\/08\/Luiz-Carlos-Borges-214x304-211x300.jpg 211w\" sizes=\"auto, (max-width: 214px) 100vw, 214px\" \/>Luiz Carlos Borges<\/strong> &#8211;\u00a0Doutor em Lingu\u00edstica (Universidade Estadual de Campinas, 1999), pesquisador titular do Museu de Astronomia e Ci\u00eancias Afins (MAST), do Rio de Janeiro, e professor do Programa de P\u00f3s-Gradua\u00e7\u00e3o em Museologia e Patrim\u00f4nio, conv\u00eanio MAST, Universidade Federal do Estado do Rio de Janeiro (UNIRIO). Vinculado ao N\u00facleo de Estudos das Am\u00e9ricas, da Universidade Estadual do Rio de Janeiro (NUCLEAS-UERJ) no qual realizou est\u00e1gio p\u00f3s-doutoral. Desenvolve pesquisas em Hist\u00f3ria da Ci\u00eancia (em especial sobre a cosmologia e a astronomia do povo Guarani Mby\u00e1, e tamb\u00e9m sobre o discurso cient\u00edfico) e em temas ligados aos estudos americanos, seja no campo da Museologia e do Patrim\u00f4nio, seja no campo da Hist\u00f3ria, tais como mem\u00f3ria, patrim\u00f4nio e identidade.<br \/>\n<a href=\"mailto:lcborges@mast.br\">lcborges@mast.br<\/a><\/p>\n<p><strong><img loading=\"lazy\" decoding=\"async\" class=\"alignleft size-full wp-image-711\" src=\"http:\/\/sulear.com.br\/beta3\/wp-content\/uploads\/2018\/08\/Mada-216x305.jpg\" alt=\"\" width=\"216\" height=\"305\" srcset=\"https:\/\/sulear.com.br\/beta3\/wp-content\/uploads\/2018\/08\/Mada-216x305.jpg 216w, https:\/\/sulear.com.br\/beta3\/wp-content\/uploads\/2018\/08\/Mada-216x305-212x300.jpg 212w\" sizes=\"auto, (max-width: 216px) 100vw, 216px\" \/>Maria Madalena Mattos Pontes<\/strong> &#8211;<br \/>\n[CV curto a ser anexado brevenente]<\/p>\n<p>&nbsp;<\/p>\n<p>&nbsp;<\/p>\n<p>&nbsp;<\/p>\n<p>&nbsp;<\/p>\n<p>&nbsp;<\/p>\n<p>&nbsp;<\/p>\n<p><strong><img loading=\"lazy\" decoding=\"async\" class=\"alignleft size-full wp-image-712\" src=\"http:\/\/sulear.com.br\/beta3\/wp-content\/uploads\/2018\/08\/Mariano-Baez-219x305.png\" alt=\"\" width=\"219\" height=\"305\" srcset=\"https:\/\/sulear.com.br\/beta3\/wp-content\/uploads\/2018\/08\/Mariano-Baez-219x305.png 219w, https:\/\/sulear.com.br\/beta3\/wp-content\/uploads\/2018\/08\/Mariano-Baez-219x305-215x300.png 215w\" sizes=\"auto, (max-width: 219px) 100vw, 219px\" \/>Mariano B\u00e1ez Landa<\/strong>. Nacido en la Ciudad de M\u00e9xico, Licenciado en Antropolog\u00eda por la Universidad Veracruzana (1983), Maestro en Antropolog\u00eda Social por el CIESAS (1993) y Doctor en Ciencias Sociales por la UNICAMP, Campinas, SP, Brasil (2000).<br \/>\nEs profesor-investigador titular en el CIESAS donde trabaja desde 1983. Coordinador del Taller Miradas Antropol\u00f3gicas (TMA) desde 2001. Responsable institucional (CIESAS) de la C\u00e1tedra Internacional Roberto Cardoso de Oliveira en colaboraci\u00f3n con la UNICAMP (2018-\u2026). Ha publicado varios libros, cap\u00edtulos de libro y art\u00edculos en M\u00e9xico y el extranjero, as\u00ed como producido 4 videos dedicados a la presencia ind\u00edgena en nuestra sociedad y los itinerarios intelectuales y trayectorias profesionales de antrop\u00f3logos que han vivido y trabajado en M\u00e9xico.<br \/>\nDesde su estancia como estudiante de doctorado en Brasil ha mantenido por mas de 20 a\u00f1os una fruct\u00edfera colaboraci\u00f3n con universidades e instituciones acad\u00e9micas de ese hermano pa\u00eds y Sudam\u00e9rica. Ha sido profesor invitado y visitante en las universidades federales UFRJ y UFG y promotor de varios convenios de intercambio y cooperaci\u00f3n M\u00e9xico-Brasil.<br \/>\nDesde el Taller Miradas Antropol\u00f3gicas (TMA), como proyecto de largo aliento, el Dr. B\u00e1ez ha trabajado desde 2001 en tres l\u00edneas b\u00e1sicas:<br \/>\n\u00b7 Producci\u00f3n de materiales audiovisuales que motiven ejercicios de reconocimiento intercultural.<br \/>\n\u00b7 Videotestimonios que documenten itinerarios intelectuales y trayectorias profesionales de antrop\u00f3log@s en M\u00e9xico.<br \/>\n\u00b7 M\u00f3dulos de formaci\u00f3n y actualizaci\u00f3n profesional en antropolog\u00eda aplicada.<br \/>\nActualmente desarrolla investigaciones sobre tecnolog\u00edas digitales y comunicaci\u00f3n intercultural.<br \/>\nContacto:<br \/>\n<a href=\"mailto:mbaez@ciesas.edu.mx\">mbaez@ciesas.edu.mx<\/a><br \/>\n<a href=\"https:\/\/golfo.ciesas.edu.mx\/taller-miradas-antopologicas\/\">https:\/\/golfo.ciesas.edu.mx\/taller-miradas-antopologicas\/<\/a><br \/>\n<a href=\"https:\/\/vimeo.com\/channels\/ciesasvimeo\">https:\/\/vimeo.com\/channels\/ciesasvimeo<\/a><br \/>\n<a href=\"http:\/\/lattes.cnpq.br\/5194429191882364\">http:\/\/lattes.cnpq.br\/5194429191882364<\/a><br \/>\n<a href=\"http:\/\/Facebook: \/ tma.ciesas\">Facebook: \/ tma.ciesas<\/a><\/p>\n<p><strong><img loading=\"lazy\" decoding=\"async\" class=\"alignleft size-full wp-image-713\" src=\"http:\/\/sulear.com.br\/beta3\/wp-content\/uploads\/2018\/08\/Veronica-Valdez-231x288.png\" alt=\"\" width=\"231\" height=\"288\" \/>Ver\u00f3nica V\u00e1zquez Valdez<\/strong>. Acad\u00e9mica de la Benem\u00e9rita Universidad Aut\u00f3noma de Puebla (BUAP), Doctora en Historia y Etnohistoria por la Escuela Nacional de Antropolog\u00eda e Historia con estudios de Maestr\u00eda en Comunicaci\u00f3n y Licenciatura en Ciencias de la Comunicaci\u00f3n por la Universidad Nacional Aut\u00f3noma de M\u00e9xico, as\u00ed como Especialidad en Fotograf\u00eda y en Antropolog\u00eda Visual. Su producci\u00f3n acad\u00e9mica se basa en la investigaci\u00f3n social desde la fotograf\u00eda como fuente de informaci\u00f3n primaria, abordando los fen\u00f3menos de la memoria y la reproducci\u00f3n cultural. Ha sido profesora invitada en la Universidad de Sevilla (Espa\u00f1a) y en el Centro de Investigaci\u00f3n y Difusi\u00f3n de la Imagen (CRDI &#8211; Espa\u00f1a). Es Profesora e Investigadora de Tiempo Completo en la Facultad de Ciencias de la Comunicaci\u00f3n, Miembro del Cuerpo Acad\u00e9mico Consolidado &#8220;Imagen, Memoria e Investigaci\u00f3n Social&#8221; (BUAP-CA-318). Miembro del Padr\u00f3n de Investigadores de la Vicerrector\u00eda de Investigaci\u00f3n y Estudios de Posgrado, del Sistema Nacional de Investigadores del Consejo Nacional de Ciencia y Tecnolog\u00eda, del Colegio de Etn\u00f3logos y Antrop\u00f3logos Sociales (M\u00e9xico) y de la Universala Esperanto-Asocio (Pa\u00edses Bajos).<\/p>\n<p><a href=\"mailto:veronica.vazquezval@correo.buap.mx\">veronica.vazquezval@correo.buap.mx<\/a><br \/>\n<a href=\"http:\/\/www.deance.org.mx\">www.deance.org.mx<\/a><br \/>\n<a href=\"http:\/\/www.imagenymemoria.buap.mx\">www.imagenymemoria.buap.mx<\/a><br \/>\n<a href=\"https:\/\/www.facebook.com\/imagenymemoria\/\">https:\/\/www.facebook.com\/imagenymemoria\/<\/a><br \/>\n@imagenymemoria<\/p>\n<p><img loading=\"lazy\" decoding=\"async\" class=\"alignleft  wp-image-760\" src=\"http:\/\/sulear.com.br\/beta3\/wp-content\/uploads\/2019\/01\/Walmir-Thomazi-Cardoso-1.jpg\" alt=\"\" width=\"230\" height=\"339\" \/><\/p>\n<p><strong>Walmir Thomazi Cardoso<\/strong> &#8211;<br \/>\n[CV curto a ser anexado brevenente]<\/p>\n<p>&nbsp;<\/p>\n<p>&nbsp;<\/p>\n<p>&nbsp;<\/p>\n<p>&nbsp;<\/p>\n<p>&nbsp;<\/p>\n<p>&nbsp;<\/p>\n<p>&nbsp;<\/p>\n<p><strong>Institui\u00e7\u00f5es e Redes Associadas<\/strong><\/p>\n<p><img loading=\"lazy\" decoding=\"async\" class=\"alignleft size-full wp-image-729\" src=\"http:\/\/sulear.com.br\/beta3\/wp-content\/uploads\/2018\/08\/Logo-TMA-CIESAS-142x140.jpeg\" alt=\"\" width=\"142\" height=\"140\" \/><\/p>\n<p><img loading=\"lazy\" decoding=\"async\" class=\"alignleft size-full wp-image-728\" src=\"http:\/\/sulear.com.br\/beta3\/wp-content\/uploads\/2018\/08\/Logo-luim-169x119.png\" alt=\"\" width=\"169\" height=\"119\" \/><\/p>\n<p><img loading=\"lazy\" decoding=\"async\" class=\"alignleft size-full wp-image-715\" src=\"http:\/\/sulear.com.br\/beta3\/wp-content\/uploads\/2018\/08\/Logo-MAST-224x227.jpg\" alt=\"\" width=\"102\" height=\"103\" \/><\/p>\n<p>&nbsp;<\/p>\n<p>&nbsp;<\/p>\n<p>&nbsp;<\/p>\n<p>&nbsp;<\/p>\n<p><a href=\"#top\">Voltar para o topo<\/a><\/p>\n","protected":false},"excerpt":{"rendered":"<p>Marcio D\u2019Olne Campos &#8211; Rio de Janeiro, BR (coordenador)\u00a0 \u00a0 \u00a0 \u00a0 \u00a0 \u00a0 \u00a0 \u00a0 \u00a0 \u00a0 \u00a0 \u00a0 \u00a0 \u00a0 \u00a0 \u00a0 \u00a0 \u00a0 \u00a0 \u00a0 Iv\u00e1n Deance Bravo y Troncoso \u2013 Puebla, MX Luiz Carlos Borges &#8211; &hellip; <a href=\"https:\/\/sulear.com.br\/beta3\/marcio-dolne-campos\/\">Continue lendo <span class=\"meta-nav\">&rarr;<\/span><\/a><\/p>\n","protected":false},"author":1,"featured_media":0,"parent":0,"menu_order":0,"comment_status":"closed","ping_status":"closed","template":"","meta":{"footnotes":""},"class_list":["post-25","page","type-page","status-publish","hentry"],"yoast_head":"<!-- This site is optimized with the Yoast SEO plugin v24.8.1 - https:\/\/yoast.com\/wordpress\/plugins\/seo\/ -->\n<title>Proposta SULear \u2013 Equipe - Sulear<\/title>\n<meta name=\"robots\" content=\"index, follow, max-snippet:-1, max-image-preview:large, max-video-preview:-1\" \/>\n<link rel=\"canonical\" href=\"https:\/\/sulear.com.br\/beta3\/marcio-dolne-campos\/\" \/>\n<meta property=\"og:locale\" content=\"pt_BR\" \/>\n<meta property=\"og:type\" content=\"article\" \/>\n<meta property=\"og:title\" content=\"Proposta SULear \u2013 Equipe - Sulear\" \/>\n<meta property=\"og:description\" content=\"Marcio D\u2019Olne Campos &#8211; Rio de Janeiro, BR (coordenador)\u00a0 \u00a0 \u00a0 \u00a0 \u00a0 \u00a0 \u00a0 \u00a0 \u00a0 \u00a0 \u00a0 \u00a0 \u00a0 \u00a0 \u00a0 \u00a0 \u00a0 \u00a0 \u00a0 \u00a0 Iv\u00e1n Deance Bravo y Troncoso \u2013 Puebla, MX Luiz Carlos Borges &#8211; &hellip; Continue lendo &rarr;\" \/>\n<meta property=\"og:url\" content=\"https:\/\/sulear.com.br\/beta3\/marcio-dolne-campos\/\" \/>\n<meta property=\"og:site_name\" content=\"Sulear\" \/>\n<meta property=\"article:modified_time\" content=\"2024-01-25T16:45:43+00:00\" \/>\n<meta property=\"og:image\" content=\"http:\/\/sulear.com.br\/beta3\/wp-content\/uploads\/2017\/03\/botao-english.jpg\" \/>\n<meta name=\"twitter:card\" content=\"summary_large_image\" \/>\n<meta name=\"twitter:label1\" content=\"Est. tempo de leitura\" \/>\n\t<meta name=\"twitter:data1\" content=\"6 minutos\" \/>\n<script type=\"application\/ld+json\" class=\"yoast-schema-graph\">{\"@context\":\"https:\/\/schema.org\",\"@graph\":[{\"@type\":\"WebPage\",\"@id\":\"https:\/\/sulear.com.br\/beta3\/marcio-dolne-campos\/\",\"url\":\"https:\/\/sulear.com.br\/beta3\/marcio-dolne-campos\/\",\"name\":\"Proposta SULear \u2013 Equipe - Sulear\",\"isPartOf\":{\"@id\":\"https:\/\/sulear.com.br\/beta3\/#website\"},\"primaryImageOfPage\":{\"@id\":\"https:\/\/sulear.com.br\/beta3\/marcio-dolne-campos\/#primaryimage\"},\"image\":{\"@id\":\"https:\/\/sulear.com.br\/beta3\/marcio-dolne-campos\/#primaryimage\"},\"thumbnailUrl\":\"http:\/\/sulear.com.br\/beta3\/wp-content\/uploads\/2017\/03\/botao-english.jpg\",\"datePublished\":\"2017-02-08T15:48:36+00:00\",\"dateModified\":\"2024-01-25T16:45:43+00:00\",\"breadcrumb\":{\"@id\":\"https:\/\/sulear.com.br\/beta3\/marcio-dolne-campos\/#breadcrumb\"},\"inLanguage\":\"pt-BR\",\"potentialAction\":[{\"@type\":\"ReadAction\",\"target\":[\"https:\/\/sulear.com.br\/beta3\/marcio-dolne-campos\/\"]}]},{\"@type\":\"ImageObject\",\"inLanguage\":\"pt-BR\",\"@id\":\"https:\/\/sulear.com.br\/beta3\/marcio-dolne-campos\/#primaryimage\",\"url\":\"https:\/\/sulear.com.br\/beta3\/wp-content\/uploads\/2017\/03\/botao-english.jpg\",\"contentUrl\":\"https:\/\/sulear.com.br\/beta3\/wp-content\/uploads\/2017\/03\/botao-english.jpg\",\"width\":108,\"height\":37},{\"@type\":\"BreadcrumbList\",\"@id\":\"https:\/\/sulear.com.br\/beta3\/marcio-dolne-campos\/#breadcrumb\",\"itemListElement\":[{\"@type\":\"ListItem\",\"position\":1,\"name\":\"In\u00edcio\",\"item\":\"https:\/\/sulear.com.br\/beta3\/\"},{\"@type\":\"ListItem\",\"position\":2,\"name\":\"Proposta SULear \u2013 Equipe\"}]},{\"@type\":\"WebSite\",\"@id\":\"https:\/\/sulear.com.br\/beta3\/#website\",\"url\":\"https:\/\/sulear.com.br\/beta3\/\",\"name\":\"Sulear\",\"description\":\"Blog\",\"publisher\":{\"@id\":\"https:\/\/sulear.com.br\/beta3\/#organization\"},\"potentialAction\":[{\"@type\":\"SearchAction\",\"target\":{\"@type\":\"EntryPoint\",\"urlTemplate\":\"https:\/\/sulear.com.br\/beta3\/?s={search_term_string}\"},\"query-input\":{\"@type\":\"PropertyValueSpecification\",\"valueRequired\":true,\"valueName\":\"search_term_string\"}}],\"inLanguage\":\"pt-BR\"},{\"@type\":\"Organization\",\"@id\":\"https:\/\/sulear.com.br\/beta3\/#organization\",\"name\":\"Sulear\",\"url\":\"https:\/\/sulear.com.br\/beta3\/\",\"logo\":{\"@type\":\"ImageObject\",\"inLanguage\":\"pt-BR\",\"@id\":\"https:\/\/sulear.com.br\/beta3\/#\/schema\/logo\/image\/\",\"url\":\"https:\/\/sulear.com.br\/beta3\/wp-content\/uploads\/2024\/01\/sulear_logo.png\",\"contentUrl\":\"https:\/\/sulear.com.br\/beta3\/wp-content\/uploads\/2024\/01\/sulear_logo.png\",\"width\":364,\"height\":364,\"caption\":\"Sulear\"},\"image\":{\"@id\":\"https:\/\/sulear.com.br\/beta3\/#\/schema\/logo\/image\/\"}}]}<\/script>\n<!-- \/ Yoast SEO plugin. -->","yoast_head_json":{"title":"Proposta SULear \u2013 Equipe - Sulear","robots":{"index":"index","follow":"follow","max-snippet":"max-snippet:-1","max-image-preview":"max-image-preview:large","max-video-preview":"max-video-preview:-1"},"canonical":"https:\/\/sulear.com.br\/beta3\/marcio-dolne-campos\/","og_locale":"pt_BR","og_type":"article","og_title":"Proposta SULear \u2013 Equipe - Sulear","og_description":"Marcio D\u2019Olne Campos &#8211; Rio de Janeiro, BR (coordenador)\u00a0 \u00a0 \u00a0 \u00a0 \u00a0 \u00a0 \u00a0 \u00a0 \u00a0 \u00a0 \u00a0 \u00a0 \u00a0 \u00a0 \u00a0 \u00a0 \u00a0 \u00a0 \u00a0 \u00a0 Iv\u00e1n Deance Bravo y Troncoso \u2013 Puebla, MX Luiz Carlos Borges &#8211; &hellip; Continue lendo &rarr;","og_url":"https:\/\/sulear.com.br\/beta3\/marcio-dolne-campos\/","og_site_name":"Sulear","article_modified_time":"2024-01-25T16:45:43+00:00","og_image":[{"url":"http:\/\/sulear.com.br\/beta3\/wp-content\/uploads\/2017\/03\/botao-english.jpg","type":"","width":"","height":""}],"twitter_card":"summary_large_image","twitter_misc":{"Est. tempo de leitura":"6 minutos"},"schema":{"@context":"https:\/\/schema.org","@graph":[{"@type":"WebPage","@id":"https:\/\/sulear.com.br\/beta3\/marcio-dolne-campos\/","url":"https:\/\/sulear.com.br\/beta3\/marcio-dolne-campos\/","name":"Proposta SULear \u2013 Equipe - Sulear","isPartOf":{"@id":"https:\/\/sulear.com.br\/beta3\/#website"},"primaryImageOfPage":{"@id":"https:\/\/sulear.com.br\/beta3\/marcio-dolne-campos\/#primaryimage"},"image":{"@id":"https:\/\/sulear.com.br\/beta3\/marcio-dolne-campos\/#primaryimage"},"thumbnailUrl":"http:\/\/sulear.com.br\/beta3\/wp-content\/uploads\/2017\/03\/botao-english.jpg","datePublished":"2017-02-08T15:48:36+00:00","dateModified":"2024-01-25T16:45:43+00:00","breadcrumb":{"@id":"https:\/\/sulear.com.br\/beta3\/marcio-dolne-campos\/#breadcrumb"},"inLanguage":"pt-BR","potentialAction":[{"@type":"ReadAction","target":["https:\/\/sulear.com.br\/beta3\/marcio-dolne-campos\/"]}]},{"@type":"ImageObject","inLanguage":"pt-BR","@id":"https:\/\/sulear.com.br\/beta3\/marcio-dolne-campos\/#primaryimage","url":"https:\/\/sulear.com.br\/beta3\/wp-content\/uploads\/2017\/03\/botao-english.jpg","contentUrl":"https:\/\/sulear.com.br\/beta3\/wp-content\/uploads\/2017\/03\/botao-english.jpg","width":108,"height":37},{"@type":"BreadcrumbList","@id":"https:\/\/sulear.com.br\/beta3\/marcio-dolne-campos\/#breadcrumb","itemListElement":[{"@type":"ListItem","position":1,"name":"In\u00edcio","item":"https:\/\/sulear.com.br\/beta3\/"},{"@type":"ListItem","position":2,"name":"Proposta SULear \u2013 Equipe"}]},{"@type":"WebSite","@id":"https:\/\/sulear.com.br\/beta3\/#website","url":"https:\/\/sulear.com.br\/beta3\/","name":"Sulear","description":"Blog","publisher":{"@id":"https:\/\/sulear.com.br\/beta3\/#organization"},"potentialAction":[{"@type":"SearchAction","target":{"@type":"EntryPoint","urlTemplate":"https:\/\/sulear.com.br\/beta3\/?s={search_term_string}"},"query-input":{"@type":"PropertyValueSpecification","valueRequired":true,"valueName":"search_term_string"}}],"inLanguage":"pt-BR"},{"@type":"Organization","@id":"https:\/\/sulear.com.br\/beta3\/#organization","name":"Sulear","url":"https:\/\/sulear.com.br\/beta3\/","logo":{"@type":"ImageObject","inLanguage":"pt-BR","@id":"https:\/\/sulear.com.br\/beta3\/#\/schema\/logo\/image\/","url":"https:\/\/sulear.com.br\/beta3\/wp-content\/uploads\/2024\/01\/sulear_logo.png","contentUrl":"https:\/\/sulear.com.br\/beta3\/wp-content\/uploads\/2024\/01\/sulear_logo.png","width":364,"height":364,"caption":"Sulear"},"image":{"@id":"https:\/\/sulear.com.br\/beta3\/#\/schema\/logo\/image\/"}}]}},"_links":{"self":[{"href":"https:\/\/sulear.com.br\/beta3\/wp-json\/wp\/v2\/pages\/25","targetHints":{"allow":["GET"]}}],"collection":[{"href":"https:\/\/sulear.com.br\/beta3\/wp-json\/wp\/v2\/pages"}],"about":[{"href":"https:\/\/sulear.com.br\/beta3\/wp-json\/wp\/v2\/types\/page"}],"author":[{"embeddable":true,"href":"https:\/\/sulear.com.br\/beta3\/wp-json\/wp\/v2\/users\/1"}],"replies":[{"embeddable":true,"href":"https:\/\/sulear.com.br\/beta3\/wp-json\/wp\/v2\/comments?post=25"}],"version-history":[{"count":37,"href":"https:\/\/sulear.com.br\/beta3\/wp-json\/wp\/v2\/pages\/25\/revisions"}],"predecessor-version":[{"id":761,"href":"https:\/\/sulear.com.br\/beta3\/wp-json\/wp\/v2\/pages\/25\/revisions\/761"}],"wp:attachment":[{"href":"https:\/\/sulear.com.br\/beta3\/wp-json\/wp\/v2\/media?parent=25"}],"curies":[{"name":"wp","href":"https:\/\/api.w.org\/{rel}","templated":true}]}}